{"id":492,"date":"2020-10-26T11:38:49","date_gmt":"2020-10-26T14:38:49","guid":{"rendered":"http:\/\/www.grafas.org\/demo02\/?page_id=492"},"modified":"2025-06-05T11:40:52","modified_gmt":"2025-06-05T14:40:52","slug":"sobre","status":"publish","type":"page","link":"https:\/\/brazaoborrachas.com\/index.php\/sobre\/","title":{"rendered":"Sobre"},"content":{"rendered":"\t\t<div data-elementor-type=\"wp-page\" data-elementor-id=\"492\" class=\"elementor elementor-492\">\n\t\t\t\t\t\t<section class=\"elementor-section elementor-top-section elementor-element elementor-element-447bb11 elementor-section-height-min-height elementor-section-items-bottom elementor-section-boxed elementor-section-height-default\" data-id=\"447bb11\" data-element_type=\"section\" data-e-type=\"section\" data-settings=\"{&quot;background_background&quot;:&quot;classic&quot;}\">\n\t\t\t\t\t\t\t<div class=\"elementor-background-overlay\"><\/div>\n\t\t\t\t\t\t\t<div class=\"elementor-container elementor-column-gap-default\">\n\t\t\t\t\t<div class=\"elementor-column elementor-col-50 elementor-top-column elementor-element elementor-element-01b2a2e\" data-id=\"01b2a2e\" data-element_type=\"column\" data-e-type=\"column\">\n\t\t\t<div class=\"elementor-widget-wrap elementor-element-populated\">\n\t\t\t\t\t\t<div class=\"elementor-element elementor-element-5cf34b4 elementor-widget elementor-widget-heading\" data-id=\"5cf34b4\" data-element_type=\"widget\" data-e-type=\"widget\" data-widget_type=\"heading.default\">\n\t\t\t\t\t<h2 class=\"elementor-heading-title elementor-size-default\">Conhe\u00e7a quem somos n\u00f3s!<\/h2>\t\t\t\t<\/div>\n\t\t\t\t\t<\/div>\n\t\t<\/div>\n\t\t\t\t<div class=\"elementor-column elementor-col-50 elementor-top-column elementor-element elementor-element-71f47ea elementor-hidden-tablet elementor-hidden-phone\" data-id=\"71f47ea\" data-element_type=\"column\" data-e-type=\"column\">\n\t\t\t<div class=\"elementor-widget-wrap\">\n\t\t\t\t\t\t\t<\/div>\n\t\t<\/div>\n\t\t\t\t\t<\/div>\n\t\t<\/section>\n\t\t\t\t<section class=\"elementor-section elementor-top-section elementor-element elementor-element-f4ff7ab elementor-section-boxed elementor-section-height-default elementor-section-height-default\" data-id=\"f4ff7ab\" data-element_type=\"section\" data-e-type=\"section\">\n\t\t\t\t\t\t<div class=\"elementor-container elementor-column-gap-default\">\n\t\t\t\t\t<div class=\"elementor-column elementor-col-33 elementor-top-column elementor-element elementor-element-44539d7\" data-id=\"44539d7\" data-element_type=\"column\" data-e-type=\"column\">\n\t\t\t<div class=\"elementor-widget-wrap elementor-element-populated\">\n\t\t\t\t\t\t<div class=\"elementor-element elementor-element-0417317 elementor-widget elementor-widget-heading\" data-id=\"0417317\" data-element_type=\"widget\" data-e-type=\"widget\" data-widget_type=\"heading.default\">\n\t\t\t\t\t<h5 class=\"elementor-heading-title elementor-size-default\">Nossa Hist\u00f3ria<\/h5>\t\t\t\t<\/div>\n\t\t\t\t<div class=\"elementor-element elementor-element-59203da elementor-widget elementor-widget-heading\" data-id=\"59203da\" data-element_type=\"widget\" data-e-type=\"widget\" data-widget_type=\"heading.default\">\n\t\t\t\t\t<h3 class=\"elementor-heading-title elementor-size-default\">Desde 1960\u200b<\/h3>\t\t\t\t<\/div>\n\t\t\t\t<div class=\"elementor-element elementor-element-2583fa7 elementor-widget__width-initial elementor-widget elementor-widget-text-editor\" data-id=\"2583fa7\" data-element_type=\"widget\" data-e-type=\"widget\" data-widget_type=\"text-editor.default\">\n\t\t\t\t\t\t\t\t\t<p>A empresa foi fundada em 1960, no hist\u00f3rico bairro de S\u00e3o Crist\u00f3v\u00e3o, na cidade do Rio de Janeiro. Seu fundador, o imigrante portugu\u00eas, naturalizado brasileiro, Sr. Fernando Machado, foi o respons\u00e1vel pela cria\u00e7\u00e3o e pelo desenvolvimento da marca patenteada \u201cBraz\u00e3o Borrachas\u201d. Ao longo dos anos, a companhia tornou-se pioneira no com\u00e9rcio e distribui\u00e7\u00e3o de artefatos de borracha, atendendo basicamente as \u00e1reas de autope\u00e7as e de manuten\u00e7\u00e3o industrial.<\/p><p>Entretanto, com o advento da globaliza\u00e7\u00e3o e o desenvolvimento de novas tecnologias, a empresa precisou se adaptar \u00e0s novas demandas do mercado e \u00e0s necessidades do setor industrial. Para tal, a Braz\u00e3o adquiriu parcerias com empresas de grande porte e tornou-se ent\u00e3o distribuidora de produtos nacionais e importados de marcas consagradas, tais como: Correias e Mangueiras Continental, Mangueplast,\u00a0 Ibir\u00e1 Mangueiras, Korax, Grupo Elite, Itacorda, Bariflex, Escadas Sudeste, Rexon, Marluvas, Vibra-Stop, dentre outras.<\/p><p>Hoje, a empresa conta com mais de 10.000 clientes, em todo o Brasil, e mais de 4.000 itens catalogados e armazenados em dois dep\u00f3sitos no bairro de S\u00e3o Crist\u00f3v\u00e3o.<\/p><p>Ao longo dos seus mais de 60 anos de exist\u00eancia, a Braz\u00e3o Borrachas vem contando com a tradi\u00e7\u00e3o e com a qualidade, tanto dos seus produtos quanto do seu atendimento, seja em sua loja f\u00edsica, atrav\u00e9s da sua equipe de vendas, ou seja por e-mail e telefone.<\/p>\t\t\t\t\t\t\t\t<\/div>\n\t\t\t\t\t<\/div>\n\t\t<\/div>\n\t\t\t\t<div class=\"elementor-column elementor-col-33 elementor-top-column elementor-element elementor-element-6d4acba\" data-id=\"6d4acba\" data-element_type=\"column\" data-e-type=\"column\">\n\t\t\t<div class=\"elementor-widget-wrap elementor-element-populated\">\n\t\t\t\t\t\t<div class=\"elementor-element elementor-element-07f52d4 elementor-widget elementor-widget-image\" data-id=\"07f52d4\" data-element_type=\"widget\" data-e-type=\"widget\" data-widget_type=\"image.default\">\n\t\t\t\t\t\t\t\t\t\t\t\t\t\t\t<img decoding=\"async\" src=\"https:\/\/brazaoborrachas.com\/wp-content\/uploads\/elementor\/thumbs\/WhatsApp-Image-2022-08-31-at-21.46.17-pu3keupbwkaxfwkn9im09chadkdmt15sruseg8v1p4.jpeg\" title=\"WhatsApp Image 2022-08-31 at 21.46.17\" alt=\"WhatsApp Image 2022-08-31 at 21.46.17\" loading=\"lazy\" \/>\t\t\t\t\t\t\t\t\t\t\t\t\t\t\t<\/div>\n\t\t\t\t\t<\/div>\n\t\t<\/div>\n\t\t\t\t<div class=\"elementor-column elementor-col-33 elementor-top-column elementor-element elementor-element-3dd869f\" data-id=\"3dd869f\" data-element_type=\"column\" data-e-type=\"column\">\n\t\t\t<div class=\"elementor-widget-wrap elementor-element-populated\">\n\t\t\t\t\t\t<div class=\"elementor-element elementor-element-08de217 elementor-widget elementor-widget-image\" data-id=\"08de217\" data-element_type=\"widget\" data-e-type=\"widget\" data-widget_type=\"image.default\">\n\t\t\t\t\t\t\t\t\t\t\t\t\t\t\t<img fetchpriority=\"high\" decoding=\"async\" width=\"616\" height=\"654\" src=\"https:\/\/brazaoborrachas.com\/wp-content\/uploads\/2025\/06\/logo-brazao.png\" class=\"attachment-large size-large wp-image-4148\" alt=\"\" srcset=\"https:\/\/brazaoborrachas.com\/wp-content\/uploads\/2025\/06\/logo-brazao.png 616w, https:\/\/brazaoborrachas.com\/wp-content\/uploads\/2025\/06\/logo-brazao-283x300.png 283w\" sizes=\"(max-width: 616px) 100vw, 616px\" \/>\t\t\t\t\t\t\t\t\t\t\t\t\t\t\t<\/div>\n\t\t\t\t<section class=\"elementor-section elementor-inner-section elementor-element elementor-element-5a13c35 elementor-section-boxed elementor-section-height-default elementor-section-height-default\" data-id=\"5a13c35\" data-element_type=\"section\" data-e-type=\"section\">\n\t\t\t\t\t\t<div class=\"elementor-container elementor-column-gap-default\">\n\t\t\t\t\t<div class=\"elementor-column elementor-col-100 elementor-inner-column elementor-element elementor-element-f313c41\" data-id=\"f313c41\" data-element_type=\"column\" data-e-type=\"column\">\n\t\t\t<div class=\"elementor-widget-wrap\">\n\t\t\t\t\t\t\t<\/div>\n\t\t<\/div>\n\t\t\t\t\t<\/div>\n\t\t<\/section>\n\t\t\t\t\t<\/div>\n\t\t<\/div>\n\t\t\t\t\t<\/div>\n\t\t<\/section>\n\t\t\t\t<section class=\"elementor-section elementor-top-section elementor-element elementor-element-7b4c13b elementor-section-boxed elementor-section-height-default elementor-section-height-default\" data-id=\"7b4c13b\" data-element_type=\"section\" data-e-type=\"section\">\n\t\t\t\t\t\t<div class=\"elementor-container elementor-column-gap-default\">\n\t\t\t\t\t<div class=\"elementor-column elementor-col-100 elementor-top-column elementor-element elementor-element-a81caba\" data-id=\"a81caba\" data-element_type=\"column\" data-e-type=\"column\">\n\t\t\t<div class=\"elementor-widget-wrap elementor-element-populated\">\n\t\t\t\t\t\t<div class=\"elementor-element elementor-element-7cd28b7 elementor-widget elementor-widget-heading\" data-id=\"7cd28b7\" data-element_type=\"widget\" data-e-type=\"widget\" data-widget_type=\"heading.default\">\n\t\t\t\t\t<h4 class=\"elementor-heading-title elementor-size-default\">Valores Fundamentais<\/h4>\t\t\t\t<\/div>\n\t\t\t\t<div class=\"elementor-element elementor-element-a7e69ae elementor-widget elementor-widget-text-editor\" data-id=\"a7e69ae\" data-element_type=\"widget\" data-e-type=\"widget\" data-widget_type=\"text-editor.default\">\n\t\t\t\t\t\t\t\t\t<p>Prezamos pelo esp\u00edrito de equipe, com respeito, confian\u00e7a e coopera\u00e7\u00e3o.\u00a0<br \/><span style=\"background-color: var(--nv-site-bg); color: var(--nv-text-color); font-family: var(--bodyfontfamily),var(--nv-fallback-ff); font-size: var(--bodyfontsize); font-weight: var(--bodyfontweight); letter-spacing: var(--bodyletterspacing); text-transform: var(--bodytexttransform);\">Pela responsabilidade de atendimento e entrega, mantendo sempre a integridade, justi\u00e7a e honestidade!<br \/>Nosso foco no cliente, al\u00e9m da qualidade de nossos produtos, \u00e9 a nossa prioridade.\u00a0<br \/><br \/>Estamos prontos para atender voc\u00ea! Na Braz\u00e3o Borrachas voc\u00ea encontra.<\/span><\/p>\t\t\t\t\t\t\t\t<\/div>\n\t\t\t\t\t<\/div>\n\t\t<\/div>\n\t\t\t\t\t<\/div>\n\t\t<\/section>\n\t\t\t\t<section class=\"elementor-section elementor-top-section elementor-element elementor-element-fe51ae3 elementor-section-height-min-height elementor-section-boxed elementor-section-height-default elementor-section-items-middle\" data-id=\"fe51ae3\" data-element_type=\"section\" data-e-type=\"section\" data-settings=\"{&quot;background_background&quot;:&quot;classic&quot;}\">\n\t\t\t\t\t\t\t<div class=\"elementor-background-overlay\"><\/div>\n\t\t\t\t\t\t\t<div class=\"elementor-container elementor-column-gap-default\">\n\t\t\t\t\t<div class=\"elementor-column elementor-col-100 elementor-top-column elementor-element elementor-element-0740311\" data-id=\"0740311\" data-element_type=\"column\" data-e-type=\"column\">\n\t\t\t<div class=\"elementor-widget-wrap elementor-element-populated\">\n\t\t\t\t\t\t<div class=\"elementor-element elementor-element-edf9359 elementor-widget elementor-widget-testimonial\" data-id=\"edf9359\" data-element_type=\"widget\" data-e-type=\"widget\" data-widget_type=\"testimonial.default\">\n\t\t\t\t\t\t\t<div class=\"elementor-testimonial-wrapper\">\n\t\t\t\t\t\t\t<div class=\"elementor-testimonial-content\">Acreditamos no valor dos relacionamentos duradouros, constru\u00eddos com base no respeito e na confian\u00e7a m\u00fatua. Por essa raz\u00e3o, agradecemos a confian\u00e7a em nossa equipe!\u200b<\/div>\n\t\t\t\n\t\t\t\t\t\t<div class=\"elementor-testimonial-meta elementor-has-image elementor-testimonial-image-position-aside\">\n\t\t\t\t<div class=\"elementor-testimonial-meta-inner\">\n\t\t\t\t\t\t\t\t\t\t\t<div class=\"elementor-testimonial-image\">\n\t\t\t\t\t\t\t<img decoding=\"async\" width=\"150\" height=\"150\" src=\"https:\/\/brazaoborrachas.com\/wp-content\/uploads\/2022\/08\/cropped-cropped-logo_photos_v2_x4-1.jpg-2-1-1-150x150.png\" class=\"attachment-thumbnail size-thumbnail wp-image-1145\" alt=\"\" srcset=\"https:\/\/brazaoborrachas.com\/wp-content\/uploads\/2022\/08\/cropped-cropped-logo_photos_v2_x4-1.jpg-2-1-1-150x150.png 150w, https:\/\/brazaoborrachas.com\/wp-content\/uploads\/2022\/08\/cropped-cropped-logo_photos_v2_x4-1.jpg-2-1-1-300x300.png 300w, https:\/\/brazaoborrachas.com\/wp-content\/uploads\/2022\/08\/cropped-cropped-logo_photos_v2_x4-1.jpg-2-1-1-100x100.png 100w, https:\/\/brazaoborrachas.com\/wp-content\/uploads\/2022\/08\/cropped-cropped-logo_photos_v2_x4-1.jpg-2-1-1-270x270.png 270w, https:\/\/brazaoborrachas.com\/wp-content\/uploads\/2022\/08\/cropped-cropped-logo_photos_v2_x4-1.jpg-2-1-1-192x192.png 192w, https:\/\/brazaoborrachas.com\/wp-content\/uploads\/2022\/08\/cropped-cropped-logo_photos_v2_x4-1.jpg-2-1-1-180x180.png 180w, https:\/\/brazaoborrachas.com\/wp-content\/uploads\/2022\/08\/cropped-cropped-logo_photos_v2_x4-1.jpg-2-1-1-32x32.png 32w, https:\/\/brazaoborrachas.com\/wp-content\/uploads\/2022\/08\/cropped-cropped-logo_photos_v2_x4-1.jpg-2-1-1.png 512w\" sizes=\"(max-width: 150px) 100vw, 150px\" \/>\t\t\t\t\t\t<\/div>\n\t\t\t\t\t\n\t\t\t\t\t\t\t\t\t\t<div class=\"elementor-testimonial-details\">\n\t\t\t\t\t\t\t\t\t\t\t\t\t\t<div class=\"elementor-testimonial-name\">Braz\u00e3o Borrachas<\/div>\n\t\t\t\t\t\t\t\t\t\t\t\t\t\t\t\t\t\t\t\t\t\t<div class=\"elementor-testimonial-job\">Empresa<\/div>\n\t\t\t\t\t\t\t\t\t\t\t\t\t<\/div>\n\t\t\t\t\t\t\t\t\t<\/div>\n\t\t\t<\/div>\n\t\t\t\t\t<\/div>\n\t\t\t\t\t\t<\/div>\n\t\t\t\t\t<\/div>\n\t\t<\/div>\n\t\t\t\t\t<\/div>\n\t\t<\/section>\n\t\t\t\t<\/div>\n\t\t","protected":false},"excerpt":{"rendered":"<p>Conhe\u00e7a quem somos n\u00f3s! Nossa Hist\u00f3ria Desde 1960\u200b A empresa foi fundada em 1960, no hist\u00f3rico bairro de S\u00e3o Crist\u00f3v\u00e3o, na cidade do Rio de Janeiro. Seu fundador, o imigrante portugu\u00eas, naturalizado brasileiro, Sr. Fernando Machado, foi o respons\u00e1vel pela cria\u00e7\u00e3o e pelo desenvolvimento da marca patenteada \u201cBraz\u00e3o Borrachas\u201d. Ao longo dos anos, a companhia&hellip;&nbsp;<a href=\"https:\/\/brazaoborrachas.com\/index.php\/sobre\/\" rel=\"bookmark\">Continue a ler &raquo;<span class=\"screen-reader-text\">Sobre<\/span><\/a><\/p>\n","protected":false},"author":1,"featured_media":0,"parent":0,"menu_order":0,"comment_status":"closed","ping_status":"closed","template":"elementor_header_footer","meta":{"neve_meta_sidebar":"","neve_meta_container":"","neve_meta_enable_content_width":"","neve_meta_content_width":0,"neve_meta_title_alignment":"","neve_meta_author_avatar":"","neve_post_elements_order":"","neve_meta_disable_header":"","neve_meta_disable_footer":"","neve_meta_disable_title":"","_joinchat":[],"footnotes":""},"class_list":["post-492","page","type-page","status-publish","hentry"],"_links":{"self":[{"href":"https:\/\/brazaoborrachas.com\/index.php\/wp-json\/wp\/v2\/pages\/492","targetHints":{"allow":["GET"]}}],"collection":[{"href":"https:\/\/brazaoborrachas.com\/index.php\/wp-json\/wp\/v2\/pages"}],"about":[{"href":"https:\/\/brazaoborrachas.com\/index.php\/wp-json\/wp\/v2\/types\/page"}],"author":[{"embeddable":true,"href":"https:\/\/brazaoborrachas.com\/index.php\/wp-json\/wp\/v2\/users\/1"}],"replies":[{"embeddable":true,"href":"https:\/\/brazaoborrachas.com\/index.php\/wp-json\/wp\/v2\/comments?post=492"}],"version-history":[{"count":39,"href":"https:\/\/brazaoborrachas.com\/index.php\/wp-json\/wp\/v2\/pages\/492\/revisions"}],"predecessor-version":[{"id":4152,"href":"https:\/\/brazaoborrachas.com\/index.php\/wp-json\/wp\/v2\/pages\/492\/revisions\/4152"}],"wp:attachment":[{"href":"https:\/\/brazaoborrachas.com\/index.php\/wp-json\/wp\/v2\/media?parent=492"}],"curies":[{"name":"wp","href":"https:\/\/api.w.org\/{rel}","templated":true}]}}